{"id":3735,"date":"2021-04-15T14:12:22","date_gmt":"2021-04-15T14:12:22","guid":{"rendered":"https:\/\/bcnavalevents.com\/?page_id=3735"},"modified":"2024-06-26T09:29:51","modified_gmt":"2024-06-26T09:29:51","slug":"termes-et-conditions","status":"publish","type":"page","link":"https:\/\/bcnavalevents.com\/fr\/termes-et-conditions\/","title":{"rendered":"Termes et conditions"},"content":{"rendered":"\n<style type=\"text\/css\" data-created_by=\"avia_inline_auto\" id=\"style-css-av-knhboy8q-25475bb5e8e52c6157b9df54861bc02a\">\n#top .av-special-heading.av-knhboy8q-25475bb5e8e52c6157b9df54861bc02a{\npadding-bottom:10px;\n}\nbody .av-special-heading.av-knhboy8q-25475bb5e8e52c6157b9df54861bc02a .av-special-heading-tag .heading-char{\nfont-size:25px;\n}\n.av-special-heading.av-knhboy8q-25475bb5e8e52c6157b9df54861bc02a .av-subheading{\nfont-size:15px;\n}\n<\/style>\n<div  class='av-special-heading av-knhboy8q-25475bb5e8e52c6157b9df54861bc02a av-special-heading-h2 blockquote modern-quote  avia-builder-el-0  el_before_av_textblock  avia-builder-el-first '><h2 class='av-special-heading-tag '  itemprop=\"headline\"  >Conditions d\u2019utilisation du web<\/h2><div class=\"special-heading-border\"><div class=\"special-heading-inner-border\"><\/div><\/div><\/div>\n<section  class='av_textblock_section av-knhc3k9v-8bd670208a3beb67e347231c0e0806f7 '   itemscope=\"itemscope\" itemtype=\"https:\/\/schema.org\/CreativeWork\" ><div class='avia_textblock'  itemprop=\"text\" ><p>En utilisant le site Internet, l&rsquo;utilisateur accepte les pr\u00e9sentes conditions g\u00e9n\u00e9rales et s&rsquo;engage \u00e0 utiliser le site Internet, les services et les contenus h\u00e9berg\u00e9s conform\u00e9ment \u00e0 celles-ci. L&rsquo;utilisateur accepte que l&rsquo;utilisation du site Internet, des services et des contenus soit effectu\u00e9e sous sa seule et exclusive responsabilit\u00e9.<\/p>\n<p>Ce site Web (www.bcnavalevents.com) est la propri\u00e9t\u00e9 de Charter Synera, S.L., dont le si\u00e8ge social est situ\u00e9 Moll de Levante s\/n, 08650, Arenys de Mar, soci\u00e9t\u00e9 inscrite au Registre du Commerce de Barcelone dans le tome 42579, Folio 10, Feuille B 410604, Inscription 1, munie du num\u00e9ro CIF B-65563553<\/p>\n<section class=\"av_textblock_section \">\n<div class=\"avia_textblock \">\n<div class=\"entry-content\">\n<h3 class=\"stone-semi post-title\"><a name=\"capitol1\"><\/a><span class=\"VIiyi\" lang=\"fr\"><span class=\"JLqJ4b ChMk0b\" data-language-for-alternatives=\"fr\" data-language-to-translate-into=\"es\" data-phrase-index=\"0\">Modification de ces conditions<\/span><\/span><\/h3>\n<p>Charter Synera se r\u00e9serve le droit d&rsquo;apporter, sans pr\u00e9avis, toutes modifications qu&rsquo;elle jugera utiles aux pr\u00e9sentes Conditions d&rsquo;Utilisation, en obligeant les utilisateurs \u00e0 les lire attentivement \u00e0 chaque fois qu&rsquo;ils souhaitent utiliser le site Internet.<\/p>\n<p>Charter Synera se r\u00e9serve le droit de refuser ou de retirer l&rsquo;acc\u00e8s \u00e0 la Page et\/ou aux services, \u00e0 tout moment et sans pr\u00e9avis, aux utilisateurs qui ne respecteraient pas les pr\u00e9sentes Conditions G\u00e9n\u00e9rales ou les Conditions Particuli\u00e8res qui leur sont applicables.<\/p>\n<h3 class=\"stone-semi post-title\"><a name=\"capitol2\"><\/a><span class=\"VIiyi\" lang=\"fr\"><span class=\"JLqJ4b ChMk0b\" data-language-for-alternatives=\"fr\" data-language-to-translate-into=\"es\" data-phrase-index=\"0\">Propri\u00e9t\u00e9 intellectuelle et \/ ou propri\u00e9t\u00e9 industrielle<\/span><\/span><\/h3>\n<p>Tous les droits de propri\u00e9t\u00e9 industrielle et intellectuelle de cette Page et de son contenu (textes, logos, ic\u00f4nes, images, sons, audio, vid\u00e9o, logiciels&#8230;) appartiennent \u00e0 Charter Synera ou, le cas \u00e9ch\u00e9ant, \u00e0 des tiers. L&rsquo;utilisateur peut visualiser tous les \u00e9l\u00e9ments, les imprimer, les copier et les stocker sur le disque dur de son ordinateur ou sur tout autre support physique \u00e0 condition qu&rsquo;il soit, uniquement et exclusivement, destin\u00e9 \u00e0 son usage personnel et priv\u00e9, donc leur utilisation est interdite \u00e0 des fins commerciales, sa distribution, ainsi que sa modification, alt\u00e9ration ou d\u00e9compilation.<\/p>\n<p>Les utilisateurs doivent s&rsquo;abstenir d&rsquo;obtenir, ou m\u00eame de tenter d&rsquo;obtenir, des informations, des messages, des graphiques, des dessins, des fichiers sons et\/ou images, des photographies, des enregistrements, des logiciels et, en g\u00e9n\u00e9ral, tout type de mat\u00e9riel accessible via cette page (ci-apr\u00e8s, le \u00ab Contenus \u00bb) en utilisant des moyens ou des proc\u00e9dures autres que ceux qui, selon les cas, ont \u00e9t\u00e9 mis \u00e0 disposition \u00e0 cet effet ou ont \u00e9t\u00e9 indiqu\u00e9s \u00e0 cet effet sur la Page ou, en g\u00e9n\u00e9ral, ceux qui sont couramment utilis\u00e9s sur Internet \u00e0 cet effet. \u00e0 condition qu&rsquo;ils n&rsquo;entra\u00eenent pas de risque d&rsquo;endommagement ou de d\u00e9sactivation de la Page, des services et\/ou du Contenu.<\/p>\n<p>Charte Synera n&rsquo;accorde aucune licence ou autorisation expresse ou implicite d&rsquo;utilisation de quelque nature que ce soit sur ses droits de propri\u00e9t\u00e9 industrielle et\/ou intellectuelle ou sur toute autre propri\u00e9t\u00e9 ou droit li\u00e9 \u00e0 la Page, aux services ou aux Contenus, sauf accord contraire \u00e9crit entre les parties. .<\/p>\n<h3 class=\"stone-semi post-title\"><a name=\"capitol3\"><\/a><span class=\"VIiyi\" lang=\"fr\"><span class=\"JLqJ4b ChMk0b\" data-language-for-alternatives=\"fr\" data-language-to-translate-into=\"es\" data-phrase-index=\"0\">Interdiction de diffusion du contenu et des informations fournies<\/span><\/span><\/h3>\n<p>Les Utilisateurs s&rsquo;engagent \u00e0 utiliser le Contenu avec diligence, correctement et licitement et s&rsquo;engagent notamment \u00e0 s&rsquo;abstenir :<\/p>\n<p>Utiliser le Contenu, en tout ou en partie, \u00e0 des fins ou pour des effets contraires \u00e0 la loi ou aux coutumes g\u00e9n\u00e9ralement accept\u00e9es\u00a0;<br \/>\nReproduire ou copier, distribuer, permettre l&rsquo;acc\u00e8s du public \u00e0 travers toute forme de communication publique, transformer ou modifier le contenu, sauf autorisation \u00e9crite du propri\u00e9taire des droits correspondants ou si cela est l\u00e9galement autoris\u00e9\u00a0;<br \/>\nSupprimer, \u00e9luder ou manipuler les \u00ab\u00a0droits d&rsquo;auteur\u00a0\u00bb et autres donn\u00e9es identifiant les droits de Barcelona Naval Tours ou de ses propri\u00e9taires incorpor\u00e9s dans les Contenus, ainsi que les dispositifs techniques de protection, les empreintes digitales ou tout m\u00e9canisme d&rsquo;information que les Contenus peuvent contenir\u00a0;<br \/>\nUtiliser le Contenu et, en particulier, les informations de toute nature obtenues via la Page ou les services pour envoyer de la publicit\u00e9, des communications \u00e0 quelque fin que ce soit, des messages non sollicit\u00e9s adress\u00e9s \u00e0 une pluralit\u00e9 de personnes quelle que soit leur finalit\u00e9, ainsi que pour s&rsquo;abstenir de commercialiser ou divulguer ces informations de quelque mani\u00e8re que ce soit.<br \/>\nMasquer l&rsquo;origine des informations transmises via le site Internet.<br \/>\nPlacer des informations fausses ou trompeuses sur le site Web.<br \/>\nIntroduire ou t\u00e9l\u00e9charger toute information sur le site Web contenant des virus, des chevaux de Troie, des vers ou tout autre virus informatique destin\u00e9 \u00e0 endommager, intercepter, exproprier ou interf\u00e9rer avec tout syst\u00e8me, le site Web ou les informations ou qui viole les droits de propri\u00e9t\u00e9 intellectuelle de tiers. des soir\u00e9es.<br \/>\nUtiliser le site Web ou les syst\u00e8mes ou services de Charter Synera d&rsquo;une mani\u00e8re qui nuit \u00e0 leur fonction ou \u00e0 leur fonctionnement, ou emp\u00eache des tiers autoris\u00e9s d&rsquo;y acc\u00e9der.<\/p>\n<p>Charter Synera poursuivra le non-respect des conditions ci-dessus ainsi que toute utilisation abusive des contenus pr\u00e9sent\u00e9s \u00e0 son si\u00e8ge en exer\u00e7ant toutes les actions civiles et p\u00e9nales pouvant s&rsquo;appliquer par la loi.<\/p>\n<p>Charter Synera ne reconna\u00eetra pas la validit\u00e9 de toute reproduction ou divulgation de contenu sur son site Internet.<\/p>\n<h3 class=\"stone-semi post-title\"><a name=\"capitol4\"><\/a><span class=\"VIiyi\" lang=\"fr\"><span class=\"JLqJ4b ChMk0b C1N51c\" data-language-for-alternatives=\"fr\" data-language-to-translate-into=\"es\" data-phrase-index=\"0\">Introduction de liens ou hyperliens<\/span><\/span><\/h3>\n<p>Les Utilisateurs et, en g\u00e9n\u00e9ral, les personnes qui souhaitent \u00e9tablir un hyperlien entre leur site Web et la Page (ci-apr\u00e8s, l&rsquo;\u00ab Hyperlien \u00bb), sans pr\u00e9judice du fait que Barcelona Naval Tours se r\u00e9serve le droit de le refuser \u00e0 partir de ce moment, Ils doit remplir au minimum les conditions suivantes :<\/p>\n<p>Le Lien Hypertexte permettra uniquement l&rsquo;acc\u00e8s \u00e0 la Page, mais ne pourra en aucun cas la reproduire ;<br \/>\nAucun environnement de navigateur ou de bordure ne sera cr\u00e9\u00e9 sur la page\u00a0;<br \/>\nAucune d\u00e9claration ou indication fausse, inexacte ou incorrecte ne sera faite sur la Page et les services et, en particulier, il ne sera pas d\u00e9clar\u00e9 ou sous-entendu que Charter Synera a autoris\u00e9 l&rsquo;hyperlien ou qu&rsquo;elle a supervis\u00e9 ou assum\u00e9 de quelque mani\u00e8re que ce soit le contenu ou les services propos\u00e9s ou mis \u00e0 disposition sur la page Web sur laquelle le lien hypertexte est \u00e9tabli\u00a0;<br \/>\n\u00c0 l&rsquo;exception des signes qui font partie de l&rsquo;Hyperlien lui-m\u00eame, la page Web sur laquelle l&rsquo;Hyperlien est \u00e9tabli ne contiendra aucune marque, nom commercial, enseigne d&rsquo;\u00e9tablissement, nom, logo, slogan ou autres signes distinctifs appartenant \u00e0 Charter Synera ;<br \/>\nLa page Web sur laquelle l&rsquo;hyperlien est \u00e9tabli ne contiendra pas d&rsquo;informations ou de contenus ill\u00e9gaux, contraires aux bonnes m\u0153urs, aux bonnes m\u0153urs g\u00e9n\u00e9ralement accept\u00e9es et\/ou \u00e0 l&rsquo;ordre public, ni ne contiendra de contenu contraire aux droits de tiers. La mise en place de l&rsquo;Hyperlien n&rsquo;implique en aucun cas l&rsquo;existence de relations entre Charter Synera et le propri\u00e9taire du site Internet sur lequel il est \u00e9tabli, ni l&rsquo;acceptation et l&rsquo;approbation par Charter Synera de ses contenus ou services.<\/p>\n<h3 class=\"stone-semi post-title\"><span class=\"VIiyi\" lang=\"fr\"><span class=\"JLqJ4b ChMk0b\" data-language-for-alternatives=\"fr\" data-language-to-translate-into=\"es\" data-phrase-index=\"0\">Donn\u00e9es personnelles<\/span><\/span><\/h3>\n<p>Les donn\u00e9es personnelles que vous nous fournissez seront incluses dans un fichier appartenant \u00e0 Charter Synera, aux fins de la gestion des services de transport souscrits, de la gestion comptable et administrative des clients et\/ou de la gestion de la promotion dans le cadre de laquelle ces donn\u00e9es ont \u00e9t\u00e9 demand\u00e9. Les donn\u00e9es personnelles pourront \u00eatre transf\u00e9r\u00e9es aux soci\u00e9t\u00e9s du Groupe MRW (y compris celles des soci\u00e9t\u00e9s franchis\u00e9es qui doivent n\u00e9cessairement acc\u00e9der aux donn\u00e9es pour fournir le service de transport) exclusivement pour la r\u00e9alisation des finalit\u00e9s mentionn\u00e9es ci-dessus.<\/p>\n<p>De m\u00eame, les donn\u00e9es personnelles collect\u00e9es pourront \u00eatre trait\u00e9es dans le but de r\u00e9aliser des \u00e9tudes de march\u00e9 afin d&rsquo;am\u00e9liorer les services et leur qualit\u00e9, ainsi que de vous tenir inform\u00e9 par voie postale, t\u00e9l\u00e9phonique et\/ou \u00e9lectronique, des services et promotions de le Groupe MRW li\u00e9 au secteur des transports et aux activit\u00e9s connexes (communications commerciales). Par cons\u00e9quent, le propri\u00e9taire des donn\u00e9es consent express\u00e9ment \u00e0 ce que les donn\u00e9es personnelles fournies soient utilis\u00e9es aux fins indiqu\u00e9es.<\/p>\n<p>Le propri\u00e9taire des donn\u00e9es peut exercer ses droits d&rsquo;acc\u00e8s, de rectification, d&rsquo;annulation et d&rsquo;opposition en envoyant un message \u00e9lectronique \u00e0 l&rsquo;adresse info@bcnavalevents.com, ou par lettre adress\u00e9e \u00e0 Charter Synera, \u00e0 l&rsquo;adresse postale indiqu\u00e9e ci-dessus. copie de votre pi\u00e8ce d&rsquo;identit\u00e9 ou de votre passeport.<\/p>\n<h3 class=\"stone-semi post-title\"><a name=\"capitol6\"><\/a><span class=\"VIiyi\" lang=\"fr\"><span class=\"JLqJ4b ChMk0b\" data-language-for-alternatives=\"fr\" data-language-to-translate-into=\"es\" data-phrase-index=\"0\">Exclusion de garanties et de responsabilit\u00e9<\/span><\/span><\/h3>\n<p>Charter Synera ne garantit pas la continuit\u00e9, la disponibilit\u00e9 et l&rsquo;utilit\u00e9 du site Internet, de ses services et contenus. Par cons\u00e9quent, il n\u2019est pas responsable des \u00e9ventuels dommages de toute nature pouvant survenir aux utilisateurs.<\/p>\n<p>Charter Synera peut mettre fin ou suspendre votre utilisation du site Web, des informations, des services et du contenu \u00e0 tout moment, \u00e0 sa seule discr\u00e9tion, m\u00eame si l&rsquo;acc\u00e8s et l&rsquo;utilisation continuent d&rsquo;\u00eatre autoris\u00e9s \u00e0 des tiers. Charter Synera ne sera pas responsable envers vous ou tout tiers de toute r\u00e9siliation ou suspension de votre acc\u00e8s au site Web, aux informations et\/ou aux services.<\/p>\n<p>Charter Synera ne sera en aucun cas responsable des retards ou des d\u00e9faillances d&rsquo;ex\u00e9cution r\u00e9sultant directement ou indirectement de ph\u00e9nom\u00e8nes naturels, de forces ou de causes ind\u00e9pendantes de sa volont\u00e9, y compris, sans limitation, les pannes d&rsquo;Internet, les pannes informatiques, des \u00e9quipements de t\u00e9l\u00e9communications, les pannes d&rsquo;autres \u00e9quipements, pannes de courant, gr\u00e8ves, conflits de travail, \u00e9meutes, manque de mat\u00e9riaux ou de main d&rsquo;\u0153uvre, incendies, inondations, temp\u00eates, explosions, guerre ou autres causes similaires.<\/p>\n<p>Il existe \u00e9galement une exclusion de la responsabilit\u00e9 de Charter Synera pour tout dommage, qu&rsquo;il soit accidentel, indirect ou autre. En particulier, elle ne sera pas responsable des pertes de profits, des pertes d&rsquo;informations confidentielles ou autres, des interruptions d&rsquo;activit\u00e9, des dommages caus\u00e9s aux personnes, des pertes de vie priv\u00e9e, des manquements aux obligations, dus \u00e0 la n\u00e9gligence, aux alt\u00e9rations des bases de donn\u00e9es ou \u00e0 leur suppression, ni de tout autre perte, p\u00e9cuniaire ou non, ou de toute autre nature.<\/p>\n<p>Charter Synera ne garantit pas l&rsquo;absence de virus ou d&rsquo;autres \u00e9l\u00e9ments susceptibles de provoquer des alt\u00e9rations dans le syst\u00e8me informatique des utilisateurs ou dans les documents ou fichiers \u00e9lectroniques qui y sont stock\u00e9s.<\/p>\n<p>Charter Synera ne garantit ni n&rsquo;assume aucune responsabilit\u00e9 pour les dommages de toute nature pouvant \u00eatre dus \u00e0\u00a0:<\/p>\n<p>Le fonctionnement, la disponibilit\u00e9, l&rsquo;accessibilit\u00e9 ou la continuit\u00e9 des sites li\u00e9s\u00a0;<br \/>\nLa maintenance des services, informations, donn\u00e9es, fichiers, produits et tout type de mat\u00e9riel existant sur les sites li\u00e9s\u00a0;<br \/>\nLa fourniture ou la transmission de services, informations, donn\u00e9es, fichiers, produits et tout type de mat\u00e9riel existant sur les sites li\u00e9s\u00a0;<br \/>\nLa qualit\u00e9, la l\u00e9galit\u00e9, la fiabilit\u00e9 et l&rsquo;utilit\u00e9 des services, informations, donn\u00e9es, fichiers, produits et tout type de mat\u00e9riel existant sur les sites li\u00e9s, dans les m\u00eames conditions et avec la m\u00eame port\u00e9e pr\u00e9vues dans la condition g\u00e9n\u00e9rale 10.2 concernant le contenu et du services fournis par des tiers via la page.<\/p>\n<p>Exclusion de garanties et de responsabilit\u00e9 quant \u00e0 l&rsquo;utilisation que les utilisateurs peuvent faire du site Internet, des services et des contenus : Charte Synera ne contr\u00f4le ni ne supervise que les utilisateurs utilisent le site Internet, ses services et ses contenus conform\u00e9ment aux dispositions des pr\u00e9sentes Conditions G\u00e9n\u00e9rales et aux Conditions Sp\u00e9cifiques. Conditions applicables. Par cons\u00e9quent, il n\u2019assume aucune responsabilit\u00e9 envers des tiers quant au comportement des utilisateurs.<\/p>\n<h3 class=\"stone-semi post-title\"><a name=\"capitol7\"><\/a><span class=\"VIiyi\" lang=\"fr\"><span class=\"JLqJ4b ChMk0b C1N51c\" data-language-for-alternatives=\"fr\" data-language-to-translate-into=\"es\" data-phrase-index=\"0\">Responsabilit\u00e9 pour dommages et pr\u00e9judices<\/span><\/span><\/h3>\n<p>Les utilisateurs seront responsables des dommages de toute nature que Charter Synera pourrait subir, directement ou indirectement, du fait du non-respect de l&rsquo;une des obligations d\u00e9coulant des Conditions G\u00e9n\u00e9rales et, le cas \u00e9ch\u00e9ant, des Conditions Particuli\u00e8res ou de la Loi en relation. \u00e0 l\u2019utilisation de la Page. Ainsi que ceux provoqu\u00e9s par une utilisation abusive ou par une reproduction totale ou partielle, non express\u00e9ment autoris\u00e9e par \u00e9crit, \u00e0 quelque fin que ce soit.<\/p>\n<h3 class=\"stone-semi post-title\"><a name=\"capitol8\"><\/a><span class=\"VIiyi\" lang=\"fr\"><span class=\"JLqJ4b ChMk0b\" data-language-for-alternatives=\"fr\" data-language-to-translate-into=\"es\" data-phrase-index=\"0\">Confidentialit\u00e9 et s\u00e9curit\u00e9 dans l&rsquo;utilisation de la page et des services<\/span><\/span><\/h3>\n<p>Charter Synera ne garantit pas la confidentialit\u00e9 et la s\u00e9curit\u00e9 de l&rsquo;utilisation du Site et des services et, en particulier, ne garantit pas que des tiers non autoris\u00e9s puissent ne pas avoir connaissance du type, des conditions, des caract\u00e9ristiques et des circonstances de l&rsquo;utilisation que les Utilisateurs en font. la page et les services.<\/p>\n<p>Charter Synera exclut toute responsabilit\u00e9 pour les dommages de toute nature qui pourraient \u00eatre dus \u00e0 la connaissance que des tiers non autoris\u00e9s pourraient avoir du type, des conditions, des caract\u00e9ristiques et des circonstances de l&rsquo;utilisation que les utilisateurs font de la page et des services.<\/p>\n<h3 class=\"stone-semi post-title\"><a name=\"capitol9\"><\/a><span class=\"VIiyi\" lang=\"fr\"><span class=\"JLqJ4b ChMk0b C1N51c\" data-language-for-alternatives=\"fr\" data-language-to-translate-into=\"es\" data-phrase-index=\"0\">Dur\u00e9e et r\u00e9siliation<\/span><\/span><\/h3>\n<p>La fourniture du service Page et d&rsquo;autres services a, en principe, une dur\u00e9e ind\u00e9termin\u00e9e. Charter Synera est toutefois autoris\u00e9 \u00e0 mettre fin ou \u00e0 suspendre la fourniture du service Page et\/ou de l&rsquo;un des services \u00e0 tout moment, sans pr\u00e9judice de ce qui a \u00e9t\u00e9 pr\u00e9vu \u00e0 cet \u00e9gard dans les Conditions Particuli\u00e8res correspondantes. Lorsque cela est raisonnablement possible, Charter Synera donnera un pr\u00e9avis de la r\u00e9siliation ou de la suspension de la fourniture du service Page et d&rsquo;autres services.<\/p>\n<h3 class=\"stone-semi post-title\"><a name=\"capitol10\"><\/a><span class=\"VIiyi\" lang=\"fr\"><span class=\"JLqJ4b ChMk0b C1N51c\" data-language-for-alternatives=\"fr\" data-language-to-translate-into=\"es\" data-phrase-index=\"0\">Acceptation de ces conditions g\u00e9n\u00e9rales<\/span><\/span><\/h3>\n<p>L&rsquo;acceptation des pr\u00e9sentes Conditions G\u00e9n\u00e9rales par les Utilisateurs est un pr\u00e9alable indispensable et obligatoire pour pouvoir, le cas \u00e9ch\u00e9ant, b\u00e9n\u00e9ficier des services qui y sont contenus. L&rsquo;Utilisateur d\u00e9clare, sous sa responsabilit\u00e9, avoir pris connaissance de l&rsquo;int\u00e9gralit\u00e9 des pr\u00e9sentes Conditions G\u00e9n\u00e9rales d&rsquo;Acc\u00e8s et d&rsquo;Utilisation de la Page, et confirme son acceptation pleine et volontaire de celles-ci.<\/p>\n<h3 class=\"stone-semi post-title\"><a name=\"capitol12\"><\/a><span class=\"VIiyi\" lang=\"fr\"><span class=\"JLqJ4b ChMk0b C1N51c\" data-language-for-alternatives=\"fr\" data-language-to-translate-into=\"es\" data-phrase-index=\"0\">Loi applicable et soumission aux cours et tribunaux<\/span><\/span><\/h3>\n<p>Ces Conditions d&rsquo;Utilisation sont r\u00e9gies par la r\u00e9glementation espagnole. L&rsquo;Utilisateur et la Charte Synera, renon\u00e7ant \u00e0 leur propre juridiction, se soumettent aux cours et tribunaux de la ville de Barcelone (Espagne).<\/p>\n<\/div>\n<\/div>\n<\/section>\n<\/div><\/section>\n","protected":false},"excerpt":{"rendered":"","protected":false},"author":2,"featured_media":0,"parent":0,"menu_order":0,"comment_status":"closed","ping_status":"closed","template":"","meta":{"footnotes":""},"class_list":["post-3735","page","type-page","status-publish","hentry"],"yoast_head":"<!-- This site is optimized with the Yoast SEO plugin v27.3 - https:\/\/yoast.com\/product\/yoast-seo-wordpress\/ -->\n<title>Termes et conditions - Barcelona Naval Events<\/title>\n<meta name=\"robots\" content=\"index, follow, max-snippet:-1, max-image-preview:large, max-video-preview:-1\" \/>\n<link rel=\"canonical\" href=\"https:\/\/bcnavalevents.com\/fr\/termes-et-conditions\/\" \/>\n<meta property=\"og:locale\" content=\"fr_FR\" \/>\n<meta property=\"og:type\" content=\"article\" \/>\n<meta property=\"og:title\" content=\"Termes et conditions - Barcelona Naval Events\" \/>\n<meta property=\"og:url\" content=\"https:\/\/bcnavalevents.com\/fr\/termes-et-conditions\/\" \/>\n<meta property=\"og:site_name\" content=\"Barcelona Naval Events\" \/>\n<meta property=\"article:modified_time\" content=\"2024-06-26T09:29:51+00:00\" \/>\n<meta name=\"twitter:card\" content=\"summary_large_image\" \/>\n<meta name=\"twitter:label1\" content=\"Dur\u00e9e de lecture estim\u00e9e\" \/>\n\t<meta name=\"twitter:data1\" content=\"12 minutes\" \/>\n<script type=\"application\/ld+json\" class=\"yoast-schema-graph\">{\"@context\":\"https:\\\/\\\/schema.org\",\"@graph\":[{\"@type\":\"WebPage\",\"@id\":\"https:\\\/\\\/bcnavalevents.com\\\/fr\\\/termes-et-conditions\\\/\",\"url\":\"https:\\\/\\\/bcnavalevents.com\\\/fr\\\/termes-et-conditions\\\/\",\"name\":\"Termes et conditions - Barcelona Naval Events\",\"isPartOf\":{\"@id\":\"https:\\\/\\\/bcnavalevents.com\\\/#website\"},\"datePublished\":\"2021-04-15T14:12:22+00:00\",\"dateModified\":\"2024-06-26T09:29:51+00:00\",\"breadcrumb\":{\"@id\":\"https:\\\/\\\/bcnavalevents.com\\\/fr\\\/termes-et-conditions\\\/#breadcrumb\"},\"inLanguage\":\"fr-FR\",\"potentialAction\":[{\"@type\":\"ReadAction\",\"target\":[\"https:\\\/\\\/bcnavalevents.com\\\/fr\\\/termes-et-conditions\\\/\"]}]},{\"@type\":\"BreadcrumbList\",\"@id\":\"https:\\\/\\\/bcnavalevents.com\\\/fr\\\/termes-et-conditions\\\/#breadcrumb\",\"itemListElement\":[{\"@type\":\"ListItem\",\"position\":1,\"name\":\"Portada\",\"item\":\"https:\\\/\\\/bcnavalevents.com\\\/fr\\\/differents-evenements-sur-le-bateau\\\/\"},{\"@type\":\"ListItem\",\"position\":2,\"name\":\"Termes et conditions\"}]},{\"@type\":\"WebSite\",\"@id\":\"https:\\\/\\\/bcnavalevents.com\\\/#website\",\"url\":\"https:\\\/\\\/bcnavalevents.com\\\/\",\"name\":\"Barcelona Naval Events\",\"description\":\"\u00c9v\u00e9nements maritimes \u00e0 Barcelone\",\"potentialAction\":[{\"@type\":\"SearchAction\",\"target\":{\"@type\":\"EntryPoint\",\"urlTemplate\":\"https:\\\/\\\/bcnavalevents.com\\\/?s={search_term_string}\"},\"query-input\":{\"@type\":\"PropertyValueSpecification\",\"valueRequired\":true,\"valueName\":\"search_term_string\"}}],\"inLanguage\":\"fr-FR\"}]}<\/script>\n<!-- \/ Yoast SEO plugin. -->","yoast_head_json":{"title":"Termes et conditions - Barcelona Naval Events","robots":{"index":"index","follow":"follow","max-snippet":"max-snippet:-1","max-image-preview":"max-image-preview:large","max-video-preview":"max-video-preview:-1"},"canonical":"https:\/\/bcnavalevents.com\/fr\/termes-et-conditions\/","og_locale":"fr_FR","og_type":"article","og_title":"Termes et conditions - Barcelona Naval Events","og_url":"https:\/\/bcnavalevents.com\/fr\/termes-et-conditions\/","og_site_name":"Barcelona Naval Events","article_modified_time":"2024-06-26T09:29:51+00:00","twitter_card":"summary_large_image","twitter_misc":{"Dur\u00e9e de lecture estim\u00e9e":"12 minutes"},"schema":{"@context":"https:\/\/schema.org","@graph":[{"@type":"WebPage","@id":"https:\/\/bcnavalevents.com\/fr\/termes-et-conditions\/","url":"https:\/\/bcnavalevents.com\/fr\/termes-et-conditions\/","name":"Termes et conditions - Barcelona Naval Events","isPartOf":{"@id":"https:\/\/bcnavalevents.com\/#website"},"datePublished":"2021-04-15T14:12:22+00:00","dateModified":"2024-06-26T09:29:51+00:00","breadcrumb":{"@id":"https:\/\/bcnavalevents.com\/fr\/termes-et-conditions\/#breadcrumb"},"inLanguage":"fr-FR","potentialAction":[{"@type":"ReadAction","target":["https:\/\/bcnavalevents.com\/fr\/termes-et-conditions\/"]}]},{"@type":"BreadcrumbList","@id":"https:\/\/bcnavalevents.com\/fr\/termes-et-conditions\/#breadcrumb","itemListElement":[{"@type":"ListItem","position":1,"name":"Portada","item":"https:\/\/bcnavalevents.com\/fr\/differents-evenements-sur-le-bateau\/"},{"@type":"ListItem","position":2,"name":"Termes et conditions"}]},{"@type":"WebSite","@id":"https:\/\/bcnavalevents.com\/#website","url":"https:\/\/bcnavalevents.com\/","name":"Barcelona Naval Events","description":"\u00c9v\u00e9nements maritimes \u00e0 Barcelone","potentialAction":[{"@type":"SearchAction","target":{"@type":"EntryPoint","urlTemplate":"https:\/\/bcnavalevents.com\/?s={search_term_string}"},"query-input":{"@type":"PropertyValueSpecification","valueRequired":true,"valueName":"search_term_string"}}],"inLanguage":"fr-FR"}]}},"_links":{"self":[{"href":"https:\/\/bcnavalevents.com\/fr\/wp-json\/wp\/v2\/pages\/3735","targetHints":{"allow":["GET"]}}],"collection":[{"href":"https:\/\/bcnavalevents.com\/fr\/wp-json\/wp\/v2\/pages"}],"about":[{"href":"https:\/\/bcnavalevents.com\/fr\/wp-json\/wp\/v2\/types\/page"}],"author":[{"embeddable":true,"href":"https:\/\/bcnavalevents.com\/fr\/wp-json\/wp\/v2\/users\/2"}],"replies":[{"embeddable":true,"href":"https:\/\/bcnavalevents.com\/fr\/wp-json\/wp\/v2\/comments?post=3735"}],"version-history":[{"count":0,"href":"https:\/\/bcnavalevents.com\/fr\/wp-json\/wp\/v2\/pages\/3735\/revisions"}],"wp:attachment":[{"href":"https:\/\/bcnavalevents.com\/fr\/wp-json\/wp\/v2\/media?parent=3735"}],"curies":[{"name":"wp","href":"https:\/\/api.w.org\/{rel}","templated":true}]}}