{"id":3674,"date":"2021-04-14T10:16:10","date_gmt":"2021-04-14T10:16:10","guid":{"rendered":"https:\/\/bcnavalevents.com\/?page_id=3674"},"modified":"2025-11-14T10:40:11","modified_gmt":"2025-11-14T10:40:11","slug":"contactez-nous","status":"publish","type":"page","link":"https:\/\/bcnavalevents.com\/fr\/contactez-nous\/","title":{"rendered":"Contactez-nous"},"content":{"rendered":"\n<style type=\"text\/css\" data-created_by=\"avia_inline_auto\" id=\"style-css-av-kl9crtqh-37a7993e5c1b6a278228d23ddc41fa64\">\n.avia-section.av-kl9crtqh-37a7993e5c1b6a278228d23ddc41fa64{\nbackground-repeat:no-repeat;\nbackground-image:url(https:\/\/bcnavalevents.com\/wp-content\/uploads\/2024\/05\/manosoceano-1030x577.png);\nbackground-position:50% 50%;\nbackground-attachment:scroll;\n}\n.avia-section.av-kl9crtqh-37a7993e5c1b6a278228d23ddc41fa64 .av-section-color-overlay{\nopacity:0.6;\nbackground-color:#0a0a0a;\n}\n<\/style>\n<div id='av_section_1'  class='avia-section av-kl9crtqh-37a7993e5c1b6a278228d23ddc41fa64 main_color avia-section-default avia-no-border-styling  avia-builder-el-0  el_before_av_section  avia-builder-el-first  avia-full-stretch avia-bg-style-scroll av-section-color-overlay-active av-minimum-height av-minimum-height-custom av-height-custom  container_wrap fullsize'  data-section-bg-repeat='stretch' data-av_minimum_height_px='450'><div class=\"av-section-color-overlay-wrap\"><div class=\"av-section-color-overlay\"><\/div><div class='container av-section-cont-open' style='height:450px'><main  role=\"main\" itemprop=\"mainContentOfPage\"  class='template-page content  av-content-full alpha units'><div class='post-entry post-entry-type-page post-entry-3674'><div class='entry-content-wrapper clearfix'>\n\n<style type=\"text\/css\" data-created_by=\"avia_inline_auto\" id=\"style-css-av-kl9d5vpq-860800c9a7d1005287bf7423e6e2d416\">\n#top .av_textblock_section.av-kl9d5vpq-860800c9a7d1005287bf7423e6e2d416 .avia_textblock{\ncolor:#ffffff;\n}\n<\/style>\n<section  class='av_textblock_section av-kl9d5vpq-860800c9a7d1005287bf7423e6e2d416 '   itemscope=\"itemscope\" itemtype=\"https:\/\/schema.org\/CreativeWork\" ><div class='avia_textblock av_inherit_color'  itemprop=\"text\" ><h1 style=\"text-align: center;\">En contact avec nous<\/h1>\n<\/div><\/section>\n\n<\/div><\/div><\/main><!-- close content main element --><\/div><\/div><\/div>\n<style type=\"text\/css\" data-created_by=\"avia_inline_auto\" id=\"style-css-av-kk3xljd2-6f390b4935071885223343128332996f\">\n.avia-section.av-kk3xljd2-6f390b4935071885223343128332996f .av-extra-border-element .av-extra-border-inner{\nbackground-color:#ffffff;\n}\n<\/style>\n<div id='av_section_2'  class='avia-section av-kk3xljd2-6f390b4935071885223343128332996f main_color avia-section-no-padding avia-no-border-styling  avia-builder-el-2  el_after_av_section  avia-builder-el-last  avia-bg-style-scroll av-arrow-down-section container_wrap fullsize'  ><div class='container av-section-cont-open' ><div class='template-page content  av-content-full alpha units'><div class='post-entry post-entry-type-page post-entry-3674'><div class='entry-content-wrapper clearfix'>\n\n<style type=\"text\/css\" data-created_by=\"avia_inline_auto\" id=\"style-css-av-kk3xyd5y-1f739aea156fe666e535beccbc80cedc\">\n.flex_column.av-kk3xyd5y-1f739aea156fe666e535beccbc80cedc{\nborder-radius:0px 0px 0px 0px;\npadding:50px 50px 50px 50px;\nbackground-color:rgba(255,255,255,0.6);\n}\n<\/style>\n<div  class='flex_column av-kk3xyd5y-1f739aea156fe666e535beccbc80cedc av_three_fifth  avia-builder-el-3  el_before_av_two_fifth  avia-builder-el-first  first flex_column_div av-animated-generic top-to-bottom  '     ><style type=\"text\/css\" data-created_by=\"avia_inline_auto\" id=\"style-css-av-kl9d5vpq-d19786294fa3795026e27f8886e17692\">\n#top .av_textblock_section.av-kl9d5vpq-d19786294fa3795026e27f8886e17692 .avia_textblock{\ncolor:#c3512f;\n}\n<\/style>\n<section  class='av_textblock_section av-kl9d5vpq-d19786294fa3795026e27f8886e17692 '   itemscope=\"itemscope\" itemtype=\"https:\/\/schema.org\/CreativeWork\" ><div class='avia_textblock av_inherit_color'  itemprop=\"text\" ><blockquote>\n<h3>Contacter<\/h3>\n<\/blockquote>\n<\/div><\/section><br \/>\n<form action=\"https:\/\/bcnavalevents.com\/fr\/contactez-nous\/\" method=\"post\" data-fields-with-error=\"Erreurs trouv\u00e9es dans les champs suivants :\" class=\"avia_ajax_form av-form-labels-hidden   avia-builder-el-5  el_after_av_textblock  el_before_av_hr  av-custom-form-color av-dark-form \" data-avia-form-id=\"1\" data-avia-redirect='' ><fieldset><p class='  first_form  form_element form_element_third' id='element_avia_1_1'><label for=\"avia_1_1\">Nom <abbr class=\"required\" title=\"requis(e)\">*<\/abbr><\/label> <input name=\"avia_1_1\" class=\"text_input is_empty\" type=\"text\" id=\"avia_1_1\" value=\"\"  placeholder='Nom*'\/><\/p><p class='  form_element form_element_third' id='element_avia_2_1'><label for=\"avia_2_1\">E-Mail <abbr class=\"required\" title=\"requis(e)\">*<\/abbr><\/label> <input name=\"avia_2_1\" class=\"text_input is_email\" type=\"text\" id=\"avia_2_1\" value=\"\"  placeholder='E-Mail*'\/><\/p><p class='  form_element form_element_third' id='element_avia_3_1'><label for=\"avia_3_1\">Comment nous avez-vous connu?<\/label> <input name=\"avia_3_1\" class=\"text_input \" type=\"text\" id=\"avia_3_1\" value=\"\"  placeholder='Comment nous avez-vous connu?'\/><\/p><p class='  first_form  form_element form_element_third' id='element_avia_4_1'><label for=\"avia_4_1\">Mati\u00e8re <abbr class=\"required\" title=\"requis(e)\">*<\/abbr><\/label> <input name=\"avia_4_1\" class=\"text_input is_empty\" type=\"text\" id=\"avia_4_1\" value=\"\"  placeholder='Mati\u00e8re*'\/><\/p><p class='  first_form  form_element form_fullwidth' id='element_avia_5_1'><label for=\"avia_5_1\" class=\"textare_label hidden textare_label_avia_5_1\">Message <abbr class=\"required\" title=\"requis(e)\">*<\/abbr><\/label><textarea  placeholder='Message*' name=\"avia_5_1\" class=\"text_area is_empty\" cols=\"40\" rows=\"7\" id=\"avia_5_1\" ><\/textarea><\/p><p class=\"hidden\"><input type=\"text\" name=\"avia_6_1\" class=\"hidden \" id=\"avia_6_1\" value=\"\" \/><\/p><div id='avia_7_1' class='av-recaptcha-area  first_form  form_element form_fullwidth '  data-container_class=\"\" data-custom_class=\"\" data-context=\"av_contact_form\" data-token_input=\"av_recaptcha_token\" data-version=\"avia_recaptcha_v2\" data-theme=\"light\" data-size=\"normal\" data-score=\"0.5\" data-text_to_preview=\"\" data-value=\"\"><div class=\"av-google-badge-message hidden\">Ce site est prot\u00e9g\u00e9 par reCAPTCHA et la <a href=\"https:\/\/policies.google.com\/privacy\">politique de confidentialit\u00e9<\/a> de Google et <a href=\"https:\/\/policies.google.com\/terms\">leur conditions d\u2019utilisation<\/a> s\u2019appliquent.<\/div><\/div><p class=\"form_element \"><input type=\"hidden\" value=\"1\" name=\"avia_generated_form1\" \/><input type=\"submit\" value=\"Envoyer\" class=\"button\"  data-sending-label=\"Envoi\"\/><\/p><\/fieldset><div class=\"avia-disabled-form\">Ce formulaire est d\u00e9sactiv\u00e9 dans la mesure o\u00f9 vous refusez d\u2019accepter le service Google reCAPTCHA n\u00e9cessaire pour valider toute exp\u00e9dition de message depuis celui-ci.<\/div><\/form><div id=\"ajaxresponse_1\" class=\"ajaxresponse ajaxresponse_1 hidden\"><\/div><br \/>\n\n<style type=\"text\/css\" data-created_by=\"avia_inline_auto\" id=\"style-css-av-kk3xm5mj-189a9ccd6fcd52c225b340d4fcbb3dc1\">\n#top .hr.hr-invisible.av-kk3xm5mj-189a9ccd6fcd52c225b340d4fcbb3dc1{\nheight:20px;\n}\n<\/style>\n<div  class='hr av-kk3xm5mj-189a9ccd6fcd52c225b340d4fcbb3dc1 hr-invisible  avia-builder-el-6  el_after_av_contact  avia-builder-el-last '><span class='hr-inner '><span class=\"hr-inner-style\"><\/span><\/span><\/div><\/p><\/div>\n<style type=\"text\/css\" data-created_by=\"avia_inline_auto\" id=\"style-css-av-1ypojz-1ed889e4ac938d957e7b38a774d5bc49\">\n.flex_column.av-1ypojz-1ed889e4ac938d957e7b38a774d5bc49{\nborder-radius:0px 0px 0px 0px;\npadding:0px 0px 0px 0px;\n}\n<\/style>\n<div  class='flex_column av-1ypojz-1ed889e4ac938d957e7b38a774d5bc49 av_two_fifth  avia-builder-el-7  el_after_av_three_fifth  el_before_av_one_full  flex_column_div av-zero-column-padding  '     ><p>\n<style type=\"text\/css\" data-created_by=\"avia_inline_auto\" id=\"style-css-av-kk3xm5mj-78af4f7f55d5a1f25a4e84b587b1e72b\">\n#top .hr.hr-invisible.av-kk3xm5mj-78af4f7f55d5a1f25a4e84b587b1e72b{\nheight:50px;\n}\n<\/style>\n<div  class='hr av-kk3xm5mj-78af4f7f55d5a1f25a4e84b587b1e72b hr-invisible  avia-builder-el-8  el_before_av_textblock  avia-builder-el-first '><span class='hr-inner '><span class=\"hr-inner-style\"><\/span><\/span><\/div><br \/>\n\n<style type=\"text\/css\" data-created_by=\"avia_inline_auto\" id=\"style-css-av-kl9d5vpq-d19786294fa3795026e27f8886e17692\">\n#top .av_textblock_section.av-kl9d5vpq-d19786294fa3795026e27f8886e17692 .avia_textblock{\ncolor:#c3512f;\n}\n<\/style>\n<section  class='av_textblock_section av-kl9d5vpq-d19786294fa3795026e27f8886e17692 '   itemscope=\"itemscope\" itemtype=\"https:\/\/schema.org\/CreativeWork\" ><div class='avia_textblock av_inherit_color'  itemprop=\"text\" ><blockquote>\n<h3>Informations de contact<\/h3>\n<\/blockquote>\n<\/div><\/section><br \/>\n\n<style type=\"text\/css\" data-created_by=\"avia_inline_auto\" id=\"style-css-av-kks68zz0-1bca3ee421a6889ae7531acaf9ad58e4\">\n#top .togglecontainer.av-kks68zz0-1bca3ee421a6889ae7531acaf9ad58e4 p.toggler{\ncolor:#000000;\n}\n#top .togglecontainer.av-kks68zz0-1bca3ee421a6889ae7531acaf9ad58e4 p.toggler.activeTitle{\ncolor:#000000;\nborder-color:#000000;\n}\n#top .togglecontainer.av-kks68zz0-1bca3ee421a6889ae7531acaf9ad58e4 p.toggler .toggle_icon{\ncolor:#000000;\nborder-color:#000000;\n}\n#top .togglecontainer.av-kks68zz0-1bca3ee421a6889ae7531acaf9ad58e4 .toggle_wrap .toggle_content{\ncolor:#000000;\n}\n<\/style>\n<div  class='togglecontainer av-kks68zz0-1bca3ee421a6889ae7531acaf9ad58e4 av-minimal-toggle  avia-builder-el-10  el_after_av_textblock  el_before_av_textblock  toggle_close_all hasCurrentStyle' >\n<section class='av_toggle_section av-fu4ahr-3c601b6b494591f8b5d8e162d4099e3c'  itemscope=\"itemscope\" itemtype=\"https:\/\/schema.org\/CreativeWork\" ><div role=\"tablist\" class=\"single_toggle\" data-tags=\"{Tout} \"  ><p id='toggle-toggle-id-1' data-fake-id='#toggle-id-1' class='toggler  av-title-above av-inherit-font-color hasCustomColor'  itemprop=\"headline\"  role='tab' tabindex='0' aria-controls='toggle-id-1' data-slide-speed=\"200\" data-title=\"Commercial: \u00e9v\u00e9nements, groupes, c\u00e9l\u00e9brations et anniversaires\" data-title-open=\"\" data-aria_collapsed=\"Click to expand: Commercial: \u00e9v\u00e9nements, groupes, c\u00e9l\u00e9brations et anniversaires\" data-aria_expanded=\"Click to collapse: Commercial: \u00e9v\u00e9nements, groupes, c\u00e9l\u00e9brations et anniversaires\">Commercial: \u00e9v\u00e9nements, groupes, c\u00e9l\u00e9brations et anniversaires<span class=\"toggle_icon\"><span class=\"vert_icon\"><\/span><span class=\"hor_icon\"><\/span><\/span><\/p><div id='toggle-id-1' aria-labelledby='toggle-toggle-id-1' role='region' class='toggle_wrap  av-title-above'  ><div class='toggle_content invers-color av-inherit-font-color hasCustomColor'  itemprop=\"text\" ><p>comercial@bcnavalevents.com et\u00a0info@bcnavalevents.com \/ 639.792.008<\/p>\n<\/div><\/div><\/div><\/section>\n<\/div><br \/>\n<section  class='av_textblock_section av-kks6hhmv-45df391f8f0b108fb9ddf8b5b71db152 '   itemscope=\"itemscope\" itemtype=\"https:\/\/schema.org\/CreativeWork\" ><div class='avia_textblock'  itemprop=\"text\" ><p><em> * En raison des conditions m\u00e9t\u00e9orologiques, le service peut \u00eatre modifi\u00e9.<\/em><br \/>\n<em> * La soci\u00e9t\u00e9 se r\u00e9serve le droit de faire des annulations en raison de conditions m\u00e9t\u00e9orologiques ou d&rsquo;\u00e9v\u00e9nements priv\u00e9s.<\/em><\/p>\n<\/div><\/section><\/p><\/div>\n<style type=\"text\/css\" data-created_by=\"avia_inline_auto\" id=\"style-css-av-av_one_full-79ff81c021393065cee878051452f6a6\">\n.flex_column.av-av_one_full-79ff81c021393065cee878051452f6a6{\nborder-radius:0px 0px 0px 0px;\npadding:0px 0px 0px 0px;\n}\n<\/style>\n<div  class='flex_column av-av_one_full-79ff81c021393065cee878051452f6a6 av_one_full  avia-builder-el-12  el_after_av_two_fifth  el_before_av_one_fourth  first flex_column_div av-zero-column-padding  '     ><style type=\"text\/css\" data-created_by=\"avia_inline_auto\" id=\"style-css-av-l1xp1cto-ee2cf8fe78d428a67b6d5c7b959d3aa2\">\n#top .av_textblock_section.av-l1xp1cto-ee2cf8fe78d428a67b6d5c7b959d3aa2 .avia_textblock{\ncolor:#c3512f;\n}\n<\/style>\n<section  class='av_textblock_section av-l1xp1cto-ee2cf8fe78d428a67b6d5c7b959d3aa2 '   itemscope=\"itemscope\" itemtype=\"https:\/\/schema.org\/CreativeWork\" ><div class='avia_textblock av_inherit_color'  itemprop=\"text\" ><blockquote>\n<h3>Emplacement PORT OL\u00cdMPIC<\/h3>\n<\/blockquote>\n<\/div><\/section><\/div>\n<style type=\"text\/css\" data-created_by=\"avia_inline_auto\" id=\"style-css-av-av_one_fourth-79ff81c021393065cee878051452f6a6\">\n.flex_column.av-av_one_fourth-79ff81c021393065cee878051452f6a6{\nborder-radius:0px 0px 0px 0px;\npadding:0px 0px 0px 0px;\n}\n<\/style>\n<div  class='flex_column av-av_one_fourth-79ff81c021393065cee878051452f6a6 av_one_fourth  avia-builder-el-14  el_after_av_one_full  el_before_av_three_fourth  first flex_column_div av-zero-column-padding  column-top-margin'     ><style type=\"text\/css\" data-created_by=\"avia_inline_auto\" id=\"style-css-av-l1xptp93-2f2e8b35e9b7685b29466c98e87169da\">\n#top .togglecontainer.av-l1xptp93-2f2e8b35e9b7685b29466c98e87169da p.toggler{\ncolor:#000000;\n}\n#top .togglecontainer.av-l1xptp93-2f2e8b35e9b7685b29466c98e87169da p.toggler.activeTitle{\ncolor:#000000;\nborder-color:#000000;\n}\n#top .togglecontainer.av-l1xptp93-2f2e8b35e9b7685b29466c98e87169da p.toggler .toggle_icon{\ncolor:#000000;\nborder-color:#000000;\n}\n#top .togglecontainer.av-l1xptp93-2f2e8b35e9b7685b29466c98e87169da .toggle_wrap .toggle_content{\ncolor:#000000;\n}\n<\/style>\n<div  class='togglecontainer av-l1xptp93-2f2e8b35e9b7685b29466c98e87169da av-minimal-toggle  avia-builder-el-15  avia-builder-el-no-sibling  toggle_close_all hasCurrentStyle' >\n<section class='av_toggle_section av-l1xpszp3-237e7327ff3e3fdd51cd9e1bfc144bb5'  itemscope=\"itemscope\" itemtype=\"https:\/\/schema.org\/CreativeWork\" ><div role=\"tablist\" class=\"single_toggle\" data-tags=\"{Tout} \"  ><p id='toggle-toggle-id-2' data-fake-id='#toggle-id-2' class='toggler  av-title-above av-inherit-font-color hasCustomColor'  itemprop=\"headline\"  role='tab' tabindex='0' aria-controls='toggle-id-2' data-slide-speed=\"200\" data-title=\"O\u00f9 sommes-nous\" data-title-open=\"\" data-aria_collapsed=\"Click to expand: O\u00f9 sommes-nous\" data-aria_expanded=\"Click to collapse: O\u00f9 sommes-nous\">O\u00f9 sommes-nous<span class=\"toggle_icon\"><span class=\"vert_icon\"><\/span><span class=\"hor_icon\"><\/span><\/span><\/p><div id='toggle-id-2' aria-labelledby='toggle-toggle-id-2' role='region' class='toggle_wrap  av-title-above'  ><div class='toggle_content invers-color av-inherit-font-color hasCustomColor'  itemprop=\"text\" ><p>Port Ol\u00edmpic<\/p>\n<p>Moll de la Marina, S\/N, 08005 Barcelona<\/p>\n<p>Devant le restaurant Red Fish<\/p>\n<\/div><\/div><\/div><\/section>\n<section class='av_toggle_section av-l1xptobb-af287438cb80bc693aeed0f821c8c8dc'  itemscope=\"itemscope\" itemtype=\"https:\/\/schema.org\/CreativeWork\" ><div role=\"tablist\" class=\"single_toggle\" data-tags=\"{Tout} \"  ><p id='toggle-toggle-id-3' data-fake-id='#toggle-id-3' class='toggler  av-title-above av-inherit-font-color hasCustomColor'  itemprop=\"headline\"  role='tab' tabindex='0' aria-controls='toggle-id-3' data-slide-speed=\"200\" data-title=\"Comment arriver\" data-title-open=\"\" data-aria_collapsed=\"Click to expand: Comment arriver\" data-aria_expanded=\"Click to collapse: Comment arriver\">Comment arriver<span class=\"toggle_icon\"><span class=\"vert_icon\"><\/span><span class=\"hor_icon\"><\/span><\/span><\/p><div id='toggle-id-3' aria-labelledby='toggle-toggle-id-3' role='region' class='toggle_wrap  av-title-above'  ><div class='toggle_content invers-color av-inherit-font-color hasCustomColor'  itemprop=\"text\" ><ul>\n<li style=\"text-align: left;\">M\u00e9tro : Ligne Jaune, L4 Ciutadella \/ Vila Ol\u00edmpica<\/li>\n<li style=\"text-align: left;\">Autobus : 59, D20<\/li>\n<li style=\"text-align: left;\">Stationnement : Port de plaisance BSM<\/li>\n<\/ul>\n<\/div><\/div><\/div><\/section>\n<\/div><\/div>\n<style type=\"text\/css\" data-created_by=\"avia_inline_auto\" id=\"style-css-av-av_three_fourth-49f6e875884219cf77c24341e550af53\">\n.flex_column.av-av_three_fourth-49f6e875884219cf77c24341e550af53{\nborder-radius:0px 0px 0px 0px;\npadding:0px 0px 0px 0px;\n}\n<\/style>\n<div  class='flex_column av-av_three_fourth-49f6e875884219cf77c24341e550af53 av_three_fourth  avia-builder-el-16  el_after_av_one_fourth  avia-builder-el-last  flex_column_div av-zero-column-padding  column-top-margin'     ><div  class='av_gmaps_sc_main_wrap av_gmaps_main_wrap '><div id='av_gmap_0' class='avia-google-map-container avia-google-map-sc av_gmaps_show_unconditionally av-no-fallback-img ' data-mapid='av_gmap_0'  style='height: 400px;'><a class=\"av_gmaps_browser_disabled av_text_confirm_link av_text_confirm_link_visible\" href=\"https:\/\/www.google.com\/maps\/search\/?api=1&#038;query=Moll%20de%20la%20Marina,%20s\/n%2008005%20Barcelona%20Barcelona%20Espa\u00f1a\" target=\"_blank\" rel=\"noopener\">Les cartes ont \u00e9t\u00e9 d\u00e9sactiv\u00e9es par le visiteur sur ce site. Cliquer pour ouvrir la carte dans une nouvelle fen\u00eatre.<\/a><\/div><\/div><\/div>\n","protected":false},"excerpt":{"rendered":"","protected":false},"author":2,"featured_media":8026,"parent":0,"menu_order":0,"comment_status":"closed","ping_status":"closed","template":"","meta":{"footnotes":""},"class_list":["post-3674","page","type-page","status-publish","has-post-thumbnail","hentry"],"yoast_head":"<!-- This site is optimized with the Yoast SEO plugin v27.3 - https:\/\/yoast.com\/product\/yoast-seo-wordpress\/ -->\n<title>Contactez-nous - Barcelona Naval Events<\/title>\n<meta name=\"robots\" content=\"index, follow, max-snippet:-1, max-image-preview:large, max-video-preview:-1\" \/>\n<link rel=\"canonical\" href=\"https:\/\/bcnavalevents.com\/fr\/contactez-nous\/\" \/>\n<meta property=\"og:locale\" content=\"fr_FR\" \/>\n<meta property=\"og:type\" content=\"article\" \/>\n<meta property=\"og:title\" content=\"Contactez-nous - Barcelona Naval Events\" \/>\n<meta property=\"og:url\" content=\"https:\/\/bcnavalevents.com\/fr\/contactez-nous\/\" \/>\n<meta property=\"og:site_name\" content=\"Barcelona Naval Events\" \/>\n<meta property=\"article:modified_time\" content=\"2025-11-14T10:40:11+00:00\" \/>\n<meta property=\"og:image\" content=\"https:\/\/bcnavalevents.com\/wp-content\/uploads\/2024\/05\/manosoceano-1030x577.png\" \/>\n\t<meta property=\"og:image:width\" content=\"1030\" \/>\n\t<meta property=\"og:image:height\" content=\"577\" \/>\n\t<meta property=\"og:image:type\" content=\"image\/png\" \/>\n<meta name=\"twitter:card\" content=\"summary_large_image\" \/>\n<meta name=\"twitter:label1\" content=\"Dur\u00e9e de lecture estim\u00e9e\" \/>\n\t<meta name=\"twitter:data1\" content=\"1 minute\" \/>\n<script type=\"application\/ld+json\" class=\"yoast-schema-graph\">{\"@context\":\"https:\\\/\\\/schema.org\",\"@graph\":[{\"@type\":\"WebPage\",\"@id\":\"https:\\\/\\\/bcnavalevents.com\\\/fr\\\/contactez-nous\\\/\",\"url\":\"https:\\\/\\\/bcnavalevents.com\\\/fr\\\/contactez-nous\\\/\",\"name\":\"Contactez-nous - Barcelona Naval Events\",\"isPartOf\":{\"@id\":\"https:\\\/\\\/bcnavalevents.com\\\/#website\"},\"primaryImageOfPage\":{\"@id\":\"https:\\\/\\\/bcnavalevents.com\\\/fr\\\/contactez-nous\\\/#primaryimage\"},\"image\":{\"@id\":\"https:\\\/\\\/bcnavalevents.com\\\/fr\\\/contactez-nous\\\/#primaryimage\"},\"thumbnailUrl\":\"https:\\\/\\\/bcnavalevents.com\\\/wp-content\\\/uploads\\\/2024\\\/05\\\/manosoceano.png\",\"datePublished\":\"2021-04-14T10:16:10+00:00\",\"dateModified\":\"2025-11-14T10:40:11+00:00\",\"breadcrumb\":{\"@id\":\"https:\\\/\\\/bcnavalevents.com\\\/fr\\\/contactez-nous\\\/#breadcrumb\"},\"inLanguage\":\"fr-FR\",\"potentialAction\":[{\"@type\":\"ReadAction\",\"target\":[\"https:\\\/\\\/bcnavalevents.com\\\/fr\\\/contactez-nous\\\/\"]}]},{\"@type\":\"ImageObject\",\"inLanguage\":\"fr-FR\",\"@id\":\"https:\\\/\\\/bcnavalevents.com\\\/fr\\\/contactez-nous\\\/#primaryimage\",\"url\":\"https:\\\/\\\/bcnavalevents.com\\\/wp-content\\\/uploads\\\/2024\\\/05\\\/manosoceano.png\",\"contentUrl\":\"https:\\\/\\\/bcnavalevents.com\\\/wp-content\\\/uploads\\\/2024\\\/05\\\/manosoceano.png\",\"width\":5824,\"height\":3264},{\"@type\":\"BreadcrumbList\",\"@id\":\"https:\\\/\\\/bcnavalevents.com\\\/fr\\\/contactez-nous\\\/#breadcrumb\",\"itemListElement\":[{\"@type\":\"ListItem\",\"position\":1,\"name\":\"Portada\",\"item\":\"https:\\\/\\\/bcnavalevents.com\\\/fr\\\/differents-evenements-sur-le-bateau\\\/\"},{\"@type\":\"ListItem\",\"position\":2,\"name\":\"Contactez-nous\"}]},{\"@type\":\"WebSite\",\"@id\":\"https:\\\/\\\/bcnavalevents.com\\\/#website\",\"url\":\"https:\\\/\\\/bcnavalevents.com\\\/\",\"name\":\"Barcelona Naval Events\",\"description\":\"\u00c9v\u00e9nements maritimes \u00e0 Barcelone\",\"potentialAction\":[{\"@type\":\"SearchAction\",\"target\":{\"@type\":\"EntryPoint\",\"urlTemplate\":\"https:\\\/\\\/bcnavalevents.com\\\/?s={search_term_string}\"},\"query-input\":{\"@type\":\"PropertyValueSpecification\",\"valueRequired\":true,\"valueName\":\"search_term_string\"}}],\"inLanguage\":\"fr-FR\"}]}<\/script>\n<!-- \/ Yoast SEO plugin. -->","yoast_head_json":{"title":"Contactez-nous - Barcelona Naval Events","robots":{"index":"index","follow":"follow","max-snippet":"max-snippet:-1","max-image-preview":"max-image-preview:large","max-video-preview":"max-video-preview:-1"},"canonical":"https:\/\/bcnavalevents.com\/fr\/contactez-nous\/","og_locale":"fr_FR","og_type":"article","og_title":"Contactez-nous - Barcelona Naval Events","og_url":"https:\/\/bcnavalevents.com\/fr\/contactez-nous\/","og_site_name":"Barcelona Naval Events","article_modified_time":"2025-11-14T10:40:11+00:00","og_image":[{"width":1030,"height":577,"url":"https:\/\/bcnavalevents.com\/wp-content\/uploads\/2024\/05\/manosoceano-1030x577.png","type":"image\/png"}],"twitter_card":"summary_large_image","twitter_misc":{"Dur\u00e9e de lecture estim\u00e9e":"1 minute"},"schema":{"@context":"https:\/\/schema.org","@graph":[{"@type":"WebPage","@id":"https:\/\/bcnavalevents.com\/fr\/contactez-nous\/","url":"https:\/\/bcnavalevents.com\/fr\/contactez-nous\/","name":"Contactez-nous - Barcelona Naval Events","isPartOf":{"@id":"https:\/\/bcnavalevents.com\/#website"},"primaryImageOfPage":{"@id":"https:\/\/bcnavalevents.com\/fr\/contactez-nous\/#primaryimage"},"image":{"@id":"https:\/\/bcnavalevents.com\/fr\/contactez-nous\/#primaryimage"},"thumbnailUrl":"https:\/\/bcnavalevents.com\/wp-content\/uploads\/2024\/05\/manosoceano.png","datePublished":"2021-04-14T10:16:10+00:00","dateModified":"2025-11-14T10:40:11+00:00","breadcrumb":{"@id":"https:\/\/bcnavalevents.com\/fr\/contactez-nous\/#breadcrumb"},"inLanguage":"fr-FR","potentialAction":[{"@type":"ReadAction","target":["https:\/\/bcnavalevents.com\/fr\/contactez-nous\/"]}]},{"@type":"ImageObject","inLanguage":"fr-FR","@id":"https:\/\/bcnavalevents.com\/fr\/contactez-nous\/#primaryimage","url":"https:\/\/bcnavalevents.com\/wp-content\/uploads\/2024\/05\/manosoceano.png","contentUrl":"https:\/\/bcnavalevents.com\/wp-content\/uploads\/2024\/05\/manosoceano.png","width":5824,"height":3264},{"@type":"BreadcrumbList","@id":"https:\/\/bcnavalevents.com\/fr\/contactez-nous\/#breadcrumb","itemListElement":[{"@type":"ListItem","position":1,"name":"Portada","item":"https:\/\/bcnavalevents.com\/fr\/differents-evenements-sur-le-bateau\/"},{"@type":"ListItem","position":2,"name":"Contactez-nous"}]},{"@type":"WebSite","@id":"https:\/\/bcnavalevents.com\/#website","url":"https:\/\/bcnavalevents.com\/","name":"Barcelona Naval Events","description":"\u00c9v\u00e9nements maritimes \u00e0 Barcelone","potentialAction":[{"@type":"SearchAction","target":{"@type":"EntryPoint","urlTemplate":"https:\/\/bcnavalevents.com\/?s={search_term_string}"},"query-input":{"@type":"PropertyValueSpecification","valueRequired":true,"valueName":"search_term_string"}}],"inLanguage":"fr-FR"}]}},"_links":{"self":[{"href":"https:\/\/bcnavalevents.com\/fr\/wp-json\/wp\/v2\/pages\/3674","targetHints":{"allow":["GET"]}}],"collection":[{"href":"https:\/\/bcnavalevents.com\/fr\/wp-json\/wp\/v2\/pages"}],"about":[{"href":"https:\/\/bcnavalevents.com\/fr\/wp-json\/wp\/v2\/types\/page"}],"author":[{"embeddable":true,"href":"https:\/\/bcnavalevents.com\/fr\/wp-json\/wp\/v2\/users\/2"}],"replies":[{"embeddable":true,"href":"https:\/\/bcnavalevents.com\/fr\/wp-json\/wp\/v2\/comments?post=3674"}],"version-history":[{"count":0,"href":"https:\/\/bcnavalevents.com\/fr\/wp-json\/wp\/v2\/pages\/3674\/revisions"}],"wp:featuredmedia":[{"embeddable":true,"href":"https:\/\/bcnavalevents.com\/fr\/wp-json\/wp\/v2\/media\/8026"}],"wp:attachment":[{"href":"https:\/\/bcnavalevents.com\/fr\/wp-json\/wp\/v2\/media?parent=3674"}],"curies":[{"name":"wp","href":"https:\/\/api.w.org\/{rel}","templated":true}]}}