{"id":3598,"date":"2021-04-13T10:17:12","date_gmt":"2021-04-13T10:17:12","guid":{"rendered":"https:\/\/bcnavalevents.com\/?page_id=3598"},"modified":"2021-04-13T10:18:16","modified_gmt":"2021-04-13T10:18:16","slug":"budget-dentreprise","status":"publish","type":"page","link":"https:\/\/bcnavalevents.com\/fr\/differents-evenements-de-bateau\/entreprise\/budget-dentreprise\/","title":{"rendered":"Budget d&rsquo;entreprise"},"content":{"rendered":"\n","protected":false},"excerpt":{"rendered":"","protected":false},"author":2,"featured_media":0,"parent":3594,"menu_order":0,"comment_status":"closed","ping_status":"closed","template":"","meta":{"footnotes":""},"class_list":["post-3598","page","type-page","status-publish","hentry"],"yoast_head":"<!-- This site is optimized with the Yoast SEO plugin v27.4 - https:\/\/yoast.com\/product\/yoast-seo-wordpress\/ -->\n<title>Budget d&#039;entreprise - Barcelona Naval Events<\/title>\n<meta name=\"robots\" content=\"index, follow, max-snippet:-1, max-image-preview:large, max-video-preview:-1\" \/>\n<link rel=\"canonical\" href=\"https:\/\/bcnavalevents.com\/fr\/differents-evenements-de-bateau\/entreprise\/budget-dentreprise\/\" \/>\n<meta property=\"og:locale\" content=\"fr_FR\" \/>\n<meta property=\"og:type\" content=\"article\" \/>\n<meta property=\"og:title\" content=\"Budget d&#039;entreprise - Barcelona Naval Events\" \/>\n<meta property=\"og:url\" content=\"https:\/\/bcnavalevents.com\/fr\/differents-evenements-de-bateau\/entreprise\/budget-dentreprise\/\" \/>\n<meta property=\"og:site_name\" content=\"Barcelona Naval Events\" \/>\n<meta property=\"article:modified_time\" content=\"2021-04-13T10:18:16+00:00\" \/>\n<meta name=\"twitter:card\" content=\"summary_large_image\" \/>\n<script type=\"application\/ld+json\" class=\"yoast-schema-graph\">{\"@context\":\"https:\\\/\\\/schema.org\",\"@graph\":[{\"@type\":\"WebPage\",\"@id\":\"https:\\\/\\\/bcnavalevents.com\\\/fr\\\/differents-evenements-de-bateau\\\/entreprise\\\/budget-dentreprise\\\/\",\"url\":\"https:\\\/\\\/bcnavalevents.com\\\/fr\\\/differents-evenements-de-bateau\\\/entreprise\\\/budget-dentreprise\\\/\",\"name\":\"Budget d'entreprise - Barcelona Naval Events\",\"isPartOf\":{\"@id\":\"https:\\\/\\\/bcnavalevents.com\\\/#website\"},\"datePublished\":\"2021-04-13T10:17:12+00:00\",\"dateModified\":\"2021-04-13T10:18:16+00:00\",\"breadcrumb\":{\"@id\":\"https:\\\/\\\/bcnavalevents.com\\\/fr\\\/differents-evenements-de-bateau\\\/entreprise\\\/budget-dentreprise\\\/#breadcrumb\"},\"inLanguage\":\"fr-FR\",\"potentialAction\":[{\"@type\":\"ReadAction\",\"target\":[\"https:\\\/\\\/bcnavalevents.com\\\/fr\\\/differents-evenements-de-bateau\\\/entreprise\\\/budget-dentreprise\\\/\"]}]},{\"@type\":\"BreadcrumbList\",\"@id\":\"https:\\\/\\\/bcnavalevents.com\\\/fr\\\/differents-evenements-de-bateau\\\/entreprise\\\/budget-dentreprise\\\/#breadcrumb\",\"itemListElement\":[{\"@type\":\"ListItem\",\"position\":1,\"name\":\"Portada\",\"item\":\"https:\\\/\\\/bcnavalevents.com\\\/fr\\\/differents-evenements-sur-le-bateau\\\/\"},{\"@type\":\"ListItem\",\"position\":2,\"name\":\"Diff\u00e9rents \u00e9v\u00e9nements de bateau\",\"item\":\"https:\\\/\\\/bcnavalevents.com\\\/fr\\\/differents-evenements-de-bateau\\\/\"},{\"@type\":\"ListItem\",\"position\":3,\"name\":\"Entreprise\",\"item\":\"https:\\\/\\\/bcnavalevents.com\\\/fr\\\/differents-evenements-de-bateau\\\/entreprise\\\/\"},{\"@type\":\"ListItem\",\"position\":4,\"name\":\"Budget d&rsquo;entreprise\"}]},{\"@type\":\"WebSite\",\"@id\":\"https:\\\/\\\/bcnavalevents.com\\\/#website\",\"url\":\"https:\\\/\\\/bcnavalevents.com\\\/\",\"name\":\"Barcelona Naval Events\",\"description\":\"\u00c9v\u00e9nements maritimes \u00e0 Barcelone\",\"potentialAction\":[{\"@type\":\"SearchAction\",\"target\":{\"@type\":\"EntryPoint\",\"urlTemplate\":\"https:\\\/\\\/bcnavalevents.com\\\/?s={search_term_string}\"},\"query-input\":{\"@type\":\"PropertyValueSpecification\",\"valueRequired\":true,\"valueName\":\"search_term_string\"}}],\"inLanguage\":\"fr-FR\"}]}<\/script>\n<!-- \/ Yoast SEO plugin. -->","yoast_head_json":{"title":"Budget d'entreprise - Barcelona Naval Events","robots":{"index":"index","follow":"follow","max-snippet":"max-snippet:-1","max-image-preview":"max-image-preview:large","max-video-preview":"max-video-preview:-1"},"canonical":"https:\/\/bcnavalevents.com\/fr\/differents-evenements-de-bateau\/entreprise\/budget-dentreprise\/","og_locale":"fr_FR","og_type":"article","og_title":"Budget d'entreprise - Barcelona Naval Events","og_url":"https:\/\/bcnavalevents.com\/fr\/differents-evenements-de-bateau\/entreprise\/budget-dentreprise\/","og_site_name":"Barcelona Naval Events","article_modified_time":"2021-04-13T10:18:16+00:00","twitter_card":"summary_large_image","schema":{"@context":"https:\/\/schema.org","@graph":[{"@type":"WebPage","@id":"https:\/\/bcnavalevents.com\/fr\/differents-evenements-de-bateau\/entreprise\/budget-dentreprise\/","url":"https:\/\/bcnavalevents.com\/fr\/differents-evenements-de-bateau\/entreprise\/budget-dentreprise\/","name":"Budget d'entreprise - Barcelona Naval Events","isPartOf":{"@id":"https:\/\/bcnavalevents.com\/#website"},"datePublished":"2021-04-13T10:17:12+00:00","dateModified":"2021-04-13T10:18:16+00:00","breadcrumb":{"@id":"https:\/\/bcnavalevents.com\/fr\/differents-evenements-de-bateau\/entreprise\/budget-dentreprise\/#breadcrumb"},"inLanguage":"fr-FR","potentialAction":[{"@type":"ReadAction","target":["https:\/\/bcnavalevents.com\/fr\/differents-evenements-de-bateau\/entreprise\/budget-dentreprise\/"]}]},{"@type":"BreadcrumbList","@id":"https:\/\/bcnavalevents.com\/fr\/differents-evenements-de-bateau\/entreprise\/budget-dentreprise\/#breadcrumb","itemListElement":[{"@type":"ListItem","position":1,"name":"Portada","item":"https:\/\/bcnavalevents.com\/fr\/differents-evenements-sur-le-bateau\/"},{"@type":"ListItem","position":2,"name":"Diff\u00e9rents \u00e9v\u00e9nements de bateau","item":"https:\/\/bcnavalevents.com\/fr\/differents-evenements-de-bateau\/"},{"@type":"ListItem","position":3,"name":"Entreprise","item":"https:\/\/bcnavalevents.com\/fr\/differents-evenements-de-bateau\/entreprise\/"},{"@type":"ListItem","position":4,"name":"Budget d&rsquo;entreprise"}]},{"@type":"WebSite","@id":"https:\/\/bcnavalevents.com\/#website","url":"https:\/\/bcnavalevents.com\/","name":"Barcelona Naval Events","description":"\u00c9v\u00e9nements maritimes \u00e0 Barcelone","potentialAction":[{"@type":"SearchAction","target":{"@type":"EntryPoint","urlTemplate":"https:\/\/bcnavalevents.com\/?s={search_term_string}"},"query-input":{"@type":"PropertyValueSpecification","valueRequired":true,"valueName":"search_term_string"}}],"inLanguage":"fr-FR"}]}},"_links":{"self":[{"href":"https:\/\/bcnavalevents.com\/fr\/wp-json\/wp\/v2\/pages\/3598","targetHints":{"allow":["GET"]}}],"collection":[{"href":"https:\/\/bcnavalevents.com\/fr\/wp-json\/wp\/v2\/pages"}],"about":[{"href":"https:\/\/bcnavalevents.com\/fr\/wp-json\/wp\/v2\/types\/page"}],"author":[{"embeddable":true,"href":"https:\/\/bcnavalevents.com\/fr\/wp-json\/wp\/v2\/users\/2"}],"replies":[{"embeddable":true,"href":"https:\/\/bcnavalevents.com\/fr\/wp-json\/wp\/v2\/comments?post=3598"}],"version-history":[{"count":0,"href":"https:\/\/bcnavalevents.com\/fr\/wp-json\/wp\/v2\/pages\/3598\/revisions"}],"up":[{"embeddable":true,"href":"https:\/\/bcnavalevents.com\/fr\/wp-json\/wp\/v2\/pages\/3594"}],"wp:attachment":[{"href":"https:\/\/bcnavalevents.com\/fr\/wp-json\/wp\/v2\/media?parent=3598"}],"curies":[{"name":"wp","href":"https:\/\/api.w.org\/{rel}","templated":true}]}}