{"id":3688,"date":"2021-04-14T14:11:36","date_gmt":"2021-04-14T14:11:36","guid":{"rendered":"https:\/\/bcnavalevents.com\/?page_id=3688"},"modified":"2024-06-26T08:33:46","modified_gmt":"2024-06-26T08:33:46","slug":"avis-legal","status":"publish","type":"page","link":"https:\/\/bcnavalevents.com\/ca\/avis-legal\/","title":{"rendered":"Av\u00eds legal"},"content":{"rendered":"\n<style type=\"text\/css\" data-created_by=\"avia_inline_auto\" id=\"style-css-av-knhb5e5k-2418b7732386584d25c14f4be4ba69dc\">\n#top .av-special-heading.av-knhb5e5k-2418b7732386584d25c14f4be4ba69dc{\npadding-bottom:10px;\n}\nbody .av-special-heading.av-knhb5e5k-2418b7732386584d25c14f4be4ba69dc .av-special-heading-tag .heading-char{\nfont-size:25px;\n}\n.av-special-heading.av-knhb5e5k-2418b7732386584d25c14f4be4ba69dc .av-subheading{\nfont-size:15px;\n}\n<\/style>\n<div  class='av-special-heading av-knhb5e5k-2418b7732386584d25c14f4be4ba69dc av-special-heading-h3 blockquote modern-quote  avia-builder-el-0  el_before_av_textblock  avia-builder-el-first '><h3 class='av-special-heading-tag '  itemprop=\"headline\"  >Av\u00eds legal<\/h3><div class=\"special-heading-border\"><div class=\"special-heading-inner-border\"><\/div><\/div><\/div>\n<section  class='av_textblock_section av-knhbjntr-3b2118e3e234fa252397f4f7cf5f3e17 '   itemscope=\"itemscope\" itemtype=\"https:\/\/schema.org\/CreativeWork\" ><div class='avia_textblock'  itemprop=\"text\" ><p>En compliment del que disposa la Llei 34\/2002, d&#8217;11 de juliol, de serveis de la societat de la informaci\u00f3 i de comer\u00e7 electr\u00f2nic, es posa a disposici\u00f3 dels usuaris la informaci\u00f3 seg\u00fcent:<\/p>\n<p>Ra\u00f3 social: CHARTER SYNERA, S.L.<br \/>\nCIF: B-65563553<br \/>\nDomicili social: Moll de Llevant s\/n, 08350, Arenys de Mar<br \/>\nT.: (+34) 93 795 85 68<br \/>\nMail: info@bcnavalevents.com<br \/>\nP\u00e0gina web: www.bcnavalevents.com<\/p>\n<p>Inscrita a:<\/p>\n<p>\u2022 Registre Mercantil de Barcelona, \u200b\u200bTom 42579, Foli 10, Full B 410604, Inscripci\u00f3 1<\/p>\n<p>Les dades de car\u00e0cter personal que, si escau, es demanen per a la prestaci\u00f3 dels serveis disponibles al lloc web www.barcelonanavaltours.com, seran tractats de conformitat amb la nostra Pol\u00edtica de Privadesa. El r\u00e8gim aplicable a les cookies que es puguin utilitzar es regula a la nostra Pol\u00edtica de Cookies.<\/p>\n<p>Tot usuari que es registri i\/o contracti a www.barcelonanavaltours.com se subjecta a les Condicions Generals d\u00fas del lloc web, ia les Condicions Generals de Contractaci\u00f3 del servei o producte que en cada cas es contracti.<\/p>\n<\/div><\/section>\n","protected":false},"excerpt":{"rendered":"","protected":false},"author":2,"featured_media":0,"parent":0,"menu_order":0,"comment_status":"closed","ping_status":"closed","template":"","meta":{"footnotes":""},"class_list":["post-3688","page","type-page","status-publish","hentry"],"yoast_head":"<!-- This site is optimized with the Yoast SEO plugin v27.3 - https:\/\/yoast.com\/product\/yoast-seo-wordpress\/ -->\n<title>Av\u00eds legal - Barcelona Naval Events<\/title>\n<meta name=\"robots\" content=\"index, follow, max-snippet:-1, max-image-preview:large, max-video-preview:-1\" \/>\n<link rel=\"canonical\" href=\"https:\/\/bcnavalevents.com\/ca\/avis-legal\/\" \/>\n<meta property=\"og:locale\" content=\"ca_ES\" \/>\n<meta property=\"og:type\" content=\"article\" \/>\n<meta property=\"og:title\" content=\"Av\u00eds legal - Barcelona Naval Events\" \/>\n<meta property=\"og:url\" content=\"https:\/\/bcnavalevents.com\/ca\/avis-legal\/\" \/>\n<meta property=\"og:site_name\" content=\"Barcelona Naval Events\" \/>\n<meta property=\"article:modified_time\" content=\"2024-06-26T08:33:46+00:00\" \/>\n<meta name=\"twitter:card\" content=\"summary_large_image\" \/>\n<meta name=\"twitter:label1\" content=\"Temps estimat de lectura\" \/>\n\t<meta name=\"twitter:data1\" content=\"1 minut\" \/>\n<script type=\"application\/ld+json\" class=\"yoast-schema-graph\">{\"@context\":\"https:\\\/\\\/schema.org\",\"@graph\":[{\"@type\":\"WebPage\",\"@id\":\"https:\\\/\\\/bcnavalevents.com\\\/ca\\\/avis-legal\\\/\",\"url\":\"https:\\\/\\\/bcnavalevents.com\\\/ca\\\/avis-legal\\\/\",\"name\":\"Av\u00eds legal - Barcelona Naval Events\",\"isPartOf\":{\"@id\":\"https:\\\/\\\/bcnavalevents.com\\\/#website\"},\"datePublished\":\"2021-04-14T14:11:36+00:00\",\"dateModified\":\"2024-06-26T08:33:46+00:00\",\"breadcrumb\":{\"@id\":\"https:\\\/\\\/bcnavalevents.com\\\/ca\\\/avis-legal\\\/#breadcrumb\"},\"inLanguage\":\"ca\",\"potentialAction\":[{\"@type\":\"ReadAction\",\"target\":[\"https:\\\/\\\/bcnavalevents.com\\\/ca\\\/avis-legal\\\/\"]}]},{\"@type\":\"BreadcrumbList\",\"@id\":\"https:\\\/\\\/bcnavalevents.com\\\/ca\\\/avis-legal\\\/#breadcrumb\",\"itemListElement\":[{\"@type\":\"ListItem\",\"position\":1,\"name\":\"Portada\",\"item\":\"https:\\\/\\\/bcnavalevents.com\\\/ca\\\/esdeveniments-maritims-per-la-costa-de-barcelona\\\/\"},{\"@type\":\"ListItem\",\"position\":2,\"name\":\"Av\u00eds legal\"}]},{\"@type\":\"WebSite\",\"@id\":\"https:\\\/\\\/bcnavalevents.com\\\/#website\",\"url\":\"https:\\\/\\\/bcnavalevents.com\\\/\",\"name\":\"Barcelona Naval Events\",\"description\":\"Esdeveniments mar\u00edtims per Barcelona\",\"potentialAction\":[{\"@type\":\"SearchAction\",\"target\":{\"@type\":\"EntryPoint\",\"urlTemplate\":\"https:\\\/\\\/bcnavalevents.com\\\/?s={search_term_string}\"},\"query-input\":{\"@type\":\"PropertyValueSpecification\",\"valueRequired\":true,\"valueName\":\"search_term_string\"}}],\"inLanguage\":\"ca\"}]}<\/script>\n<!-- \/ Yoast SEO plugin. -->","yoast_head_json":{"title":"Av\u00eds legal - Barcelona Naval Events","robots":{"index":"index","follow":"follow","max-snippet":"max-snippet:-1","max-image-preview":"max-image-preview:large","max-video-preview":"max-video-preview:-1"},"canonical":"https:\/\/bcnavalevents.com\/ca\/avis-legal\/","og_locale":"ca_ES","og_type":"article","og_title":"Av\u00eds legal - Barcelona Naval Events","og_url":"https:\/\/bcnavalevents.com\/ca\/avis-legal\/","og_site_name":"Barcelona Naval Events","article_modified_time":"2024-06-26T08:33:46+00:00","twitter_card":"summary_large_image","twitter_misc":{"Temps estimat de lectura":"1 minut"},"schema":{"@context":"https:\/\/schema.org","@graph":[{"@type":"WebPage","@id":"https:\/\/bcnavalevents.com\/ca\/avis-legal\/","url":"https:\/\/bcnavalevents.com\/ca\/avis-legal\/","name":"Av\u00eds legal - Barcelona Naval Events","isPartOf":{"@id":"https:\/\/bcnavalevents.com\/#website"},"datePublished":"2021-04-14T14:11:36+00:00","dateModified":"2024-06-26T08:33:46+00:00","breadcrumb":{"@id":"https:\/\/bcnavalevents.com\/ca\/avis-legal\/#breadcrumb"},"inLanguage":"ca","potentialAction":[{"@type":"ReadAction","target":["https:\/\/bcnavalevents.com\/ca\/avis-legal\/"]}]},{"@type":"BreadcrumbList","@id":"https:\/\/bcnavalevents.com\/ca\/avis-legal\/#breadcrumb","itemListElement":[{"@type":"ListItem","position":1,"name":"Portada","item":"https:\/\/bcnavalevents.com\/ca\/esdeveniments-maritims-per-la-costa-de-barcelona\/"},{"@type":"ListItem","position":2,"name":"Av\u00eds legal"}]},{"@type":"WebSite","@id":"https:\/\/bcnavalevents.com\/#website","url":"https:\/\/bcnavalevents.com\/","name":"Barcelona Naval Events","description":"Esdeveniments mar\u00edtims per Barcelona","potentialAction":[{"@type":"SearchAction","target":{"@type":"EntryPoint","urlTemplate":"https:\/\/bcnavalevents.com\/?s={search_term_string}"},"query-input":{"@type":"PropertyValueSpecification","valueRequired":true,"valueName":"search_term_string"}}],"inLanguage":"ca"}]}},"_links":{"self":[{"href":"https:\/\/bcnavalevents.com\/ca\/wp-json\/wp\/v2\/pages\/3688","targetHints":{"allow":["GET"]}}],"collection":[{"href":"https:\/\/bcnavalevents.com\/ca\/wp-json\/wp\/v2\/pages"}],"about":[{"href":"https:\/\/bcnavalevents.com\/ca\/wp-json\/wp\/v2\/types\/page"}],"author":[{"embeddable":true,"href":"https:\/\/bcnavalevents.com\/ca\/wp-json\/wp\/v2\/users\/2"}],"replies":[{"embeddable":true,"href":"https:\/\/bcnavalevents.com\/ca\/wp-json\/wp\/v2\/comments?post=3688"}],"version-history":[{"count":0,"href":"https:\/\/bcnavalevents.com\/ca\/wp-json\/wp\/v2\/pages\/3688\/revisions"}],"wp:attachment":[{"href":"https:\/\/bcnavalevents.com\/ca\/wp-json\/wp\/v2\/media?parent=3688"}],"curies":[{"name":"wp","href":"https:\/\/api.w.org\/{rel}","templated":true}]}}